{"id":1455,"date":"2012-07-01T21:35:27","date_gmt":"2012-07-01T21:35:27","guid":{"rendered":"http:\/\/jannemiettinen.fi\/wedding-blog\/blogi\/?page_id=1455"},"modified":"2025-09-05T11:08:23","modified_gmt":"2025-09-05T11:08:23","slug":"hinnasto","status":"publish","type":"page","link":"https:\/\/jannemiettinen.fi\/wedding-blog\/blogi\/hinnasto\/","title":{"rendered":"H\u00e4\u00e4kuvaushinnasto"},"content":{"rendered":"<h2 style=\"text-align: center;\">H\u00e4\u00e4kuvauspaketit<\/h2>\n<p><strong>Dokumentaarinen kuvaus 6h<\/strong>: 1690\u20ac (sis. alv 24% ja matkakulut pk-seudulla)<br \/>\n&#8211; Suunnittelupalaveri<br \/>\n&#8211; 6 tuntia valokuvaamista, sis\u00e4lt\u00e4\u00e4 h\u00e4\u00e4potrettien kuvaamisen<br \/>\n&#8211; H\u00e4\u00e4potreteista saatte valita 6 parasta kuvaa, jotka j\u00e4lkik\u00e4sitell\u00e4\u00e4n<br \/>\n&#8211; 12kk:n ajaksi h\u00e4\u00e4kuvagalleria nettiin, gallerian koko noin 180 kuvaa<br \/>\n&#8211; Kuvat saatte kustomoidulla USB-tikulla ja teill\u00e4 on rajoittamaton teett\u00e4misoikeus kuviin<\/p>\n<p><strong>Dokumentaarinen kuvaus 8h:<\/strong> 1990\u20ac (sis. alv 24% ja matkakulut pk-seudulla)<br \/>\n&#8211; Suunnittelupalaveri<br \/>\n&#8211; 8 tuntia valokuvaamista, sis\u00e4lt\u00e4\u00e4 h\u00e4\u00e4potrettien kuvaamisen<br \/>\n&#8211; H\u00e4\u00e4potreteista saatte valita 6 parasta kuvaa, jotka j\u00e4lkik\u00e4sitell\u00e4\u00e4n<br \/>\n&#8211; 12kk:n ajaksi h\u00e4\u00e4kuvagalleria nettiin, gallerian koko noin 200 kuvaa<br \/>\n&#8211; Kuvat saatte kustomoidulla USB-tikulla ja teill\u00e4 on rajoittamaton teett\u00e4misoikeus kuviin<\/p>\n<p><strong>Dokumentaarinen kuvaus 10h:<\/strong> 2290\u20ac (sis. alv 24% ja matkakulut pk-seudulla)<br \/>\n&#8211; Suunnittelupalaveri<br \/>\n&#8211; 10 tuntia valokuvaamista, sis\u00e4lt\u00e4\u00e4 h\u00e4\u00e4potrettien kuvaamisen<br \/>\n&#8211; H\u00e4\u00e4potreteista saatte valita 6 parasta kuvaa, jotka j\u00e4lkik\u00e4sitell\u00e4\u00e4n<br \/>\n&#8211; 12kk:n ajaksi h\u00e4\u00e4kuvagalleria nettiin, gallerian koko noin 220 kuvaa<br \/>\n&#8211; Kuvat saatte kustomoidulla USB-tikulla ja teill\u00e4 on rajoittamaton teett\u00e4misoikeus kuviin<\/p>\n<p><strong>H\u00e4\u00e4potretit milj\u00f6\u00f6ss\u00e4:<\/strong> 590\u20ac (sis. alv 24% ja matkakulut pk-seudulla)<br \/>\n&#8211; H\u00e4\u00e4potrettien otto milj\u00f6\u00f6ss\u00e4, kesto n. 2 tuntia<br \/>\n&#8211; Koevedoksista saatte valita 6 parasta kuvaa, jotka k\u00e4sitell\u00e4\u00e4n<br \/>\n&#8211; Kuvat toimitetaan netin kautta ja teill\u00e4 on rajoittamaton teett\u00e4misoikeus kuviin<\/p>\n<p><strong>Kirkkokuvaus &amp; h\u00e4\u00e4potretit milj\u00f6\u00f6ss\u00e4:<\/strong> 790\u20ac (sis. alv 24% ja matkakulut pk-seudulla)<br \/>\n&#8211; Koko h\u00e4\u00e4seremonian kuvaus<br \/>\n&#8211; H\u00e4\u00e4potrettien kuvaaminen milj\u00f6\u00f6ss\u00e4, kesto n. 2 tuntia<br \/>\n&#8211; Koevedoksista saatte valita 6 parasta kuvaa, jotka k\u00e4sitell\u00e4\u00e4n<br \/>\n&#8211; Kuvat toimitetaan netin kautta ja teill\u00e4 on rajoittamaton teett\u00e4misoikeus kuviin<\/p>\n<p><strong>Kihlakuvat:<\/strong> 490\u20ac (sis. alv 24% ja matkakulut pk-seudulla)<br \/>\n&#8211; Noin 2 tuntia kuvaamista eri lokaatioissa<br \/>\n&#8211; Koevedoksista saatte valita 8 parasta kuvaa, jotka k\u00e4sitell\u00e4\u00e4n<br \/>\n&#8211; Kuvat toimitetaan netin kautta ja teill\u00e4 on rajoittamaton teett\u00e4misoikeus kuviin<\/p>\n<p><strong>Trash the Dress:<\/strong> 590\u20ac (sis. alv 24% ja matkakulut pk-seudulla)<br \/>\n&#8211; Noin 3 tuntia kuvaamista eri lokaatioissa<br \/>\n&#8211; Koevedoksista saatte valita 10 parasta kuvaa, jotka k\u00e4sitell\u00e4\u00e4n<br \/>\n&#8211; Kuvat toimitetaan netin kautta ja teill\u00e4 on rajoittamaton teett\u00e4misoikeus kuviin<\/p>\n<p><strong>Huomenlahjakuvat:<\/strong> 490\u20ac (sis. alv 24% ja matkakulut pk-seudulla)<br \/>\n&#8211; Noin 1-2 tuntia kuvaamista (kuvauspaikka sovitaan aina erikseen)<br \/>\n&#8211; Koevedoksista saat valita 10 parasta kuvaa, jotka k\u00e4sitell\u00e4\u00e4n<br \/>\n&#8211; Kuvat toimitetaan netin kautta ja teill\u00e4 on rajoittamaton teett\u00e4misoikeus kuviin<\/p>\n<hr \/>\n","protected":false},"excerpt":{"rendered":"<p>H\u00e4\u00e4kuvauspaketit Dokumentaarinen kuvaus 6h: 1690\u20ac (sis. alv 24% ja matkakulut pk-seudulla) &#8211; Suunnittelupalaveri &#8211; 6 tuntia valokuvaamista, sis\u00e4lt\u00e4\u00e4 h\u00e4\u00e4potrettien kuvaamisen &#8211; H\u00e4\u00e4potreteista saatte valita 6 parasta kuvaa, jotka j\u00e4lkik\u00e4sitell\u00e4\u00e4n &#8211;<\/p>\n<p class=\"more-link\"><a href=\"https:\/\/jannemiettinen.fi\/wedding-blog\/blogi\/hinnasto\/\" class=\"readmore\">Continue reading<svg class=\"icon icon-arrow-right\" aria-hidden=\"true\" role=\"img\"> <use href=\"#icon-arrow-right\" xlink:href=\"#icon-arrow-right\"><\/use> <\/svg><span class=\"screen-reader-text\">H\u00e4\u00e4kuvaushinnasto<\/span><\/a><\/p>\n","protected":false},"author":1,"featured_media":0,"parent":0,"menu_order":0,"comment_status":"closed","ping_status":"closed","template":"","meta":{"footnotes":""},"class_list":["post-1455","page","type-page","status-publish","hentry"],"_links":{"self":[{"href":"https:\/\/jannemiettinen.fi\/wedding-blog\/blogi\/wp-json\/wp\/v2\/pages\/1455","targetHints":{"allow":["GET"]}}],"collection":[{"href":"https:\/\/jannemiettinen.fi\/wedding-blog\/blogi\/wp-json\/wp\/v2\/pages"}],"about":[{"href":"https:\/\/jannemiettinen.fi\/wedding-blog\/blogi\/wp-json\/wp\/v2\/types\/page"}],"author":[{"embeddable":true,"href":"https:\/\/jannemiettinen.fi\/wedding-blog\/blogi\/wp-json\/wp\/v2\/users\/1"}],"replies":[{"embeddable":true,"href":"https:\/\/jannemiettinen.fi\/wedding-blog\/blogi\/wp-json\/wp\/v2\/comments?post=1455"}],"version-history":[{"count":3,"href":"https:\/\/jannemiettinen.fi\/wedding-blog\/blogi\/wp-json\/wp\/v2\/pages\/1455\/revisions"}],"predecessor-version":[{"id":4845,"href":"https:\/\/jannemiettinen.fi\/wedding-blog\/blogi\/wp-json\/wp\/v2\/pages\/1455\/revisions\/4845"}],"wp:attachment":[{"href":"https:\/\/jannemiettinen.fi\/wedding-blog\/blogi\/wp-json\/wp\/v2\/media?parent=1455"}],"curies":[{"name":"wp","href":"https:\/\/api.w.org\/{rel}","templated":true}]}}