{"id":5,"date":"2010-07-06T10:23:24","date_gmt":"2010-07-06T10:23:24","guid":{"rendered":"http:\/\/jannemiettinen.fi\/wedding-blog\/?page_id=2"},"modified":"2022-01-05T15:14:57","modified_gmt":"2022-01-05T15:14:57","slug":"info","status":"publish","type":"page","link":"https:\/\/jannemiettinen.fi\/wedding-blog\/blogi\/info\/","title":{"rendered":"Info"},"content":{"rendered":"<h1>1. Kuvaustyyli<\/h1>\n<p>Tyylini kuvata h\u00e4it\u00e4 on dokumentaarinen, eli kuvaan tapahtumat ja hetket sellaisenaan kuin ne tapahtuvat. En puutu h\u00e4\u00e4p\u00e4iv\u00e4n kulkuun, vaan tallennan tapahtumat todellisina ja luonnollisina. Kerron teid\u00e4n h\u00e4\u00e4p\u00e4iv\u00e4nne tarinan tyylikk\u00e4iden ja kauniiden kuvien v\u00e4lityksell\u00e4, ja pystytte el\u00e4ytym\u00e4\u00e4n uudestaan h\u00e4\u00e4p\u00e4iv\u00e4n tunnelmaan sek\u00e4 palauttamaan mieleenne kaikki ne tunteet, joita juuri h\u00e4\u00e4p\u00e4iv\u00e4n\u00e4 tunsitte! Ottamani valokuvat ovat vahvoja, ne sis\u00e4lt\u00e4v\u00e4t isoja sek\u00e4 pieni\u00e4 tarinoita, ja ne on otettu juuri teid\u00e4n h\u00e4\u00e4p\u00e4iv\u00e4st\u00e4nne.<\/p>\n<p>Ei ole olemassa kahta samanlaista h\u00e4\u00e4p\u00e4iv\u00e4\u00e4, joten otan jokaisen h\u00e4\u00e4kuvauskerran vastaan yksil\u00f6llisen\u00e4 haasteena. Nautin ty\u00f6st\u00e4ni ja se my\u00f6s v\u00e4littyy katsojalle kuvien kautta. WPJA:n (Wedding Photojournalistic Association) pitk\u00e4aikaisena j\u00e4senen\u00e4 olleena noudatan korkeita vaatimuksia koskien kuvien laatua sek\u00e4 ty\u00f6etiikkaa. Teen kaikkeni varmistaakseni sen, ett\u00e4 saatte itsellenne parhaat mahdolliset h\u00e4\u00e4kuvat.<\/p>\n<p>Viel\u00e4 lopuksi kerrottakoon viel\u00e4 se, ett\u00e4 nautin h\u00e4iden kuvaamisesta todella paljon! Kun varaatte minut kuvaajaksenne, niin sen j\u00e4lkeen teid\u00e4n ei tarvitse huolehtia mist\u00e4\u00e4n kuvaukseen liittyv\u00e4st\u00e4 asiasta ja voitte olla h\u00e4\u00e4p\u00e4iv\u00e4n\u00e4 rauhallisin mielin kuvauksen suhteen.<\/p>\n<h1>2. Palkinnot kansainv\u00e4lisiss\u00e4 ja kansallisissa kilpailuissa<\/h1>\n<p>Alla ovat saavutukseni maailman suurimman h\u00e4\u00e4valokuvausj\u00e4rjest\u00f6n WPJA:n (Wedding Photojournalistic Association), AG|WPJA:n (Artistic Guild of Wedding Photojournalistic Association) sek\u00e4 suomalaisten h\u00e4\u00e4kuvauskilpailuiden osalta. N\u00e4ill\u00e4 sijoituksilla olen ainoana suomalaisena ja pohjoismaalaisena h\u00e4\u00e4kuvaajana ansainnut Gold Medal Award:in kolme kertaa sek\u00e4 Blue Medal Award:in kaksi kertaa.<\/p>\n<p><em>2020:<\/em><\/p>\n<p><strong>Vuoden h\u00e4\u00e4kuva 2020:<\/strong><strong> top-10<\/strong><\/p>\n<p><em>2018:<br \/>\n<\/em><br \/>\n<strong>WPJA: 2 Diamond Awards<em><br \/>\n<\/em>WPJA: Purple Award<\/strong><br \/>\n<strong>Vuoden h\u00e4\u00e4kuva 2018: top-10<\/strong><\/p>\n<p><em>2014:<\/em><\/p>\n<p><strong>WPJA: 1th Place: Bouquet &amp; Garter<\/strong><br \/>\n<strong>WPJA: 19th Place &#8211; Bouquet &amp; Garter<\/strong><\/p>\n<p><em>2013:<\/em><\/p>\n<p><strong>Vuoden h\u00e4\u00e4kuva: 1. sija<\/strong><\/p>\n<p><em>2012:<\/em><\/p>\n<p><strong>Vuoden h\u00e4\u00e4kuva: 1. sija sek\u00e4 kunniamaininta<\/strong><br \/>\n<strong>AG|WPJA: 17th Place: Ceremony<\/strong><br \/>\n<strong>WPJA: 18th Place: Bouquet &amp; Garter<\/strong><\/p>\n<p><em>2010:<\/em><\/p>\n<p><strong>WPJA: 1st Place &#8211; Bouquet &amp; Garter<\/strong><br \/>\n<strong>WPJA: 5th Place &#8211; Bouquet &amp; Garter<\/strong><br \/>\n<strong>WPJA: 5th Place &#8211; Ceremony<\/strong><\/p>\n<p><em>2009:<\/em><\/p>\n<p><strong>WPJA: 17th Place &#8211; Emotion<\/strong><br \/>\n<strong>Vuoden Morsian: Kunniamaininta<\/strong><\/p>\n<p><em>2008:<\/em><\/p>\n<p><strong>WPJA: 1st Place &#8211; Weather<\/strong><br \/>\n<strong>WPJA: 13th Place &#8211; Getting Ready<\/strong><br \/>\n<strong>Suomen parhaat h\u00e4\u00e4kuvat: 1. ja 3. sija<\/strong><\/p>\n<p><img loading=\"lazy\" decoding=\"async\" class=\"size-full wp-image-2090\" src=\"https:\/\/jannemiettinen.fi\/wedding-blog\/blogi\/wp-content\/uploads\/2010\/07\/banner1_1332630971.jpg\" alt=\"AGWPJA award winning Finland wedding photographer\" width=\"440\" height=\"70\" srcset=\"https:\/\/jannemiettinen.fi\/wedding-blog\/blogi\/wp-content\/uploads\/2010\/07\/banner1_1332630971.jpg 440w, https:\/\/jannemiettinen.fi\/wedding-blog\/blogi\/wp-content\/uploads\/2010\/07\/banner1_1332630971-300x47.jpg 300w\" sizes=\"auto, (max-width: 440px) 100vw, 440px\" \/><\/p>\n","protected":false},"excerpt":{"rendered":"<p>1. Kuvaustyyli Tyylini kuvata h\u00e4it\u00e4 on dokumentaarinen, eli kuvaan tapahtumat ja hetket sellaisenaan kuin ne tapahtuvat. En puutu h\u00e4\u00e4p\u00e4iv\u00e4n kulkuun, vaan tallennan tapahtumat todellisina ja luonnollisina. Kerron teid\u00e4n h\u00e4\u00e4p\u00e4iv\u00e4nne tarinan<\/p>\n<p class=\"more-link\"><a href=\"https:\/\/jannemiettinen.fi\/wedding-blog\/blogi\/info\/\" class=\"readmore\">Continue reading<svg class=\"icon icon-arrow-right\" aria-hidden=\"true\" role=\"img\"> <use href=\"#icon-arrow-right\" xlink:href=\"#icon-arrow-right\"><\/use> <\/svg><span class=\"screen-reader-text\">Info<\/span><\/a><\/p>\n","protected":false},"author":1,"featured_media":0,"parent":0,"menu_order":0,"comment_status":"closed","ping_status":"closed","template":"","meta":{"footnotes":""},"class_list":["post-5","page","type-page","status-publish","hentry"],"_links":{"self":[{"href":"https:\/\/jannemiettinen.fi\/wedding-blog\/blogi\/wp-json\/wp\/v2\/pages\/5","targetHints":{"allow":["GET"]}}],"collection":[{"href":"https:\/\/jannemiettinen.fi\/wedding-blog\/blogi\/wp-json\/wp\/v2\/pages"}],"about":[{"href":"https:\/\/jannemiettinen.fi\/wedding-blog\/blogi\/wp-json\/wp\/v2\/types\/page"}],"author":[{"embeddable":true,"href":"https:\/\/jannemiettinen.fi\/wedding-blog\/blogi\/wp-json\/wp\/v2\/users\/1"}],"replies":[{"embeddable":true,"href":"https:\/\/jannemiettinen.fi\/wedding-blog\/blogi\/wp-json\/wp\/v2\/comments?post=5"}],"version-history":[{"count":4,"href":"https:\/\/jannemiettinen.fi\/wedding-blog\/blogi\/wp-json\/wp\/v2\/pages\/5\/revisions"}],"predecessor-version":[{"id":4802,"href":"https:\/\/jannemiettinen.fi\/wedding-blog\/blogi\/wp-json\/wp\/v2\/pages\/5\/revisions\/4802"}],"wp:attachment":[{"href":"https:\/\/jannemiettinen.fi\/wedding-blog\/blogi\/wp-json\/wp\/v2\/media?parent=5"}],"curies":[{"name":"wp","href":"https:\/\/api.w.org\/{rel}","templated":true}]}}